{"id":2,"date":"2017-01-06T15:01:04","date_gmt":"2017-01-06T14:01:04","guid":{"rendered":"http:\/\/leplessis-lepage.fr\/?page_id=2"},"modified":"2026-01-29T19:54:55","modified_gmt":"2026-01-29T18:54:55","slug":"page-d-exemple","status":"publish","type":"page","link":"http:\/\/leplessis-lepage.fr\/?page_id=2","title":{"rendered":"Tarifs"},"content":{"rendered":"<h1 style=\"text-align: center;\">2026<\/h1>\n<p>S\u00e9jour minimum de 5 jours.<\/p>\n<p>Jours de d\u00e9but et de fin de s\u00e9jour libres.<\/p>\n<p>Pour des s\u00e9jours au del\u00e0 de 2 semaines, consultez nous.<\/p>\n<h2>Le G\u00eete<\/h2>\n<h4>&#8211; 5 jours : 716 \u20ac<br \/>&#8211; 6 jours : 859 \u20ac<\/h4>\n<h4>&#8211; Par semaine (7 jours) : 1003 \u20ac<\/h4>\n<h5 style=\"padding-left: 30px;\">&#8211; Nuit suppl\u00e9mentaire au del\u00e0 de la semaine : 143 \u20ac<\/h5>\n<h2>L&rsquo;Atelier<\/h2>\n<h4>&#8211; 5 jours : 743 \u20ac<br \/>&#8211; 6 jours : 891 \u20ac<\/h4>\n<h4>&#8211; Par semaine (7 jours) : 1040 \u20ac<\/h4>\n<h5 style=\"padding-left: 30px;\">&#8211; Nuit suppl\u00e9mentaire au del\u00e0 de la semaine : 149 \u20ac<\/h5>\n<h2>Option m\u00e9nage de fin de s\u00e9jour<\/h2>\n<h4>90 \u20ac<\/h4>\n<h5>Vous pourrez choisir l&rsquo;option sur place le matin de la veille de votre d\u00e9part<\/h5>\n<h2>Taxe de s\u00e9jour<\/h2>\n<h4>1,40 \u20ac par jour et par adulte (&gt;17 ans)<\/h4>\n<h5>La taxe de s\u00e9jour est pay\u00e9e sur place avant le d\u00e9part<\/h5>\n<h2>Caution<\/h2>\n<h4>200 \u20ac<\/h4>\n<h5>La caution est vers\u00e9e au plus tard \u00e0 l&rsquo;arriv\u00e9e. Elle est rembours\u00e9e au plus tard 2 semaines apr\u00e8s le d\u00e9part, d\u00e9duction faite du montant des \u00e9ventuels d\u00e9g\u00e2ts constat\u00e9s<\/h5>\n\n\n<p><\/p>\n","protected":false},"excerpt":{"rendered":"<p>2026 S\u00e9jour minimum de 5 jours. Jours de d\u00e9but et de fin de s\u00e9jour libres. Pour des s\u00e9jours au del\u00e0 de 2 semaines, consultez nous. Le G\u00eete &#8211; 5 jours : 716 \u20ac&#8211; 6 jours : 859 \u20ac &#8211; Par semaine (7 jours) : 1003 \u20ac &#8211; Nuit suppl\u00e9mentaire au del\u00e0 de la semaine : [&hellip;]<\/p>\n","protected":false},"author":1,"featured_media":0,"parent":0,"menu_order":0,"comment_status":"closed","ping_status":"open","template":"","meta":{"footnotes":""},"class_list":["post-2","page","type-page","status-publish","hentry"],"_links":{"self":[{"href":"http:\/\/leplessis-lepage.fr\/index.php?rest_route=\/wp\/v2\/pages\/2","targetHints":{"allow":["GET"]}}],"collection":[{"href":"http:\/\/leplessis-lepage.fr\/index.php?rest_route=\/wp\/v2\/pages"}],"about":[{"href":"http:\/\/leplessis-lepage.fr\/index.php?rest_route=\/wp\/v2\/types\/page"}],"author":[{"embeddable":true,"href":"http:\/\/leplessis-lepage.fr\/index.php?rest_route=\/wp\/v2\/users\/1"}],"replies":[{"embeddable":true,"href":"http:\/\/leplessis-lepage.fr\/index.php?rest_route=%2Fwp%2Fv2%2Fcomments&post=2"}],"version-history":[{"count":37,"href":"http:\/\/leplessis-lepage.fr\/index.php?rest_route=\/wp\/v2\/pages\/2\/revisions"}],"predecessor-version":[{"id":1526,"href":"http:\/\/leplessis-lepage.fr\/index.php?rest_route=\/wp\/v2\/pages\/2\/revisions\/1526"}],"wp:attachment":[{"href":"http:\/\/leplessis-lepage.fr\/index.php?rest_route=%2Fwp%2Fv2%2Fmedia&parent=2"}],"curies":[{"name":"wp","href":"https:\/\/api.w.org\/{rel}","templated":true}]}}